{"id":551,"date":"2022-11-10T13:20:53","date_gmt":"2022-11-10T12:20:53","guid":{"rendered":"https:\/\/lashbarpro.brandsome.dk\/?page_id=551"},"modified":"2023-03-31T11:44:52","modified_gmt":"2023-03-31T09:44:52","slug":"lash-extensions-types","status":"publish","type":"page","link":"https:\/\/lashbarpro.com\/en\/lash-extensions-types\/","title":{"rendered":"Lash Extensions Types"},"content":{"rendered":"\t\t<div data-elementor-type=\"wp-page\" data-elementor-id=\"551\" class=\"elementor elementor-551\" data-elementor-post-type=\"page\">\n\t\t\t\t\t\t<section class=\"elementor-section elementor-top-section elementor-element elementor-element-714b231b elementor-section-boxed elementor-section-height-default elementor-section-height-default\" data-id=\"714b231b\" data-element_type=\"section\" data-e-type=\"section\" data-settings=\"{&quot;background_background&quot;:&quot;classic&quot;}\">\n\t\t\t\t\t\t<div class=\"elementor-container elementor-column-gap-default\">\n\t\t\t\t\t<div class=\"elementor-column elementor-col-100 elementor-top-column elementor-element elementor-element-3c49d3ac\" data-id=\"3c49d3ac\" data-element_type=\"column\" data-e-type=\"column\">\n\t\t\t<div class=\"elementor-widget-wrap elementor-element-populated\">\n\t\t\t\t\t\t<div class=\"elementor-element elementor-element-547c05f1 elementor-widget elementor-widget-spacer\" data-id=\"547c05f1\" data-element_type=\"widget\" data-e-type=\"widget\" data-widget_type=\"spacer.default\">\n\t\t\t\t<div class=\"elementor-widget-container\">\n\t\t\t\t\t\t\t<div class=\"elementor-spacer\">\n\t\t\t<div class=\"elementor-spacer-inner\"><\/div>\n\t\t<\/div>\n\t\t\t\t\t\t<\/div>\n\t\t\t\t<\/div>\n\t\t\t\t<div class=\"elementor-element elementor-element-234a304d elementor-widget elementor-widget-heading\" data-id=\"234a304d\" data-element_type=\"widget\" data-e-type=\"widget\" data-widget_type=\"heading.default\">\n\t\t\t\t<div class=\"elementor-widget-container\">\n\t\t\t\t\t<h2 class=\"elementor-heading-title elementor-size-default\">LASH EXTENSIONS TYPES<\/h2>\t\t\t\t<\/div>\n\t\t\t\t<\/div>\n\t\t\t\t\t<\/div>\n\t\t<\/div>\n\t\t\t\t\t<\/div>\n\t\t<\/section>\n\t\t\t\t<section class=\"elementor-section elementor-top-section elementor-element elementor-element-2caf93f elementor-section-boxed elementor-section-height-default elementor-section-height-default\" data-id=\"2caf93f\" data-element_type=\"section\" data-e-type=\"section\">\n\t\t\t\t\t\t<div class=\"elementor-container elementor-column-gap-default\">\n\t\t\t\t\t<div class=\"elementor-column elementor-col-100 elementor-top-column elementor-element elementor-element-1842c60\" data-id=\"1842c60\" data-element_type=\"column\" data-e-type=\"column\">\n\t\t\t<div class=\"elementor-widget-wrap elementor-element-populated\">\n\t\t\t\t\t\t<div class=\"elementor-element elementor-element-16dfb05 elementor-widget elementor-widget-text-editor\" data-id=\"16dfb05\" data-element_type=\"widget\" data-e-type=\"widget\" data-widget_type=\"text-editor.default\">\n\t\t\t\t<div class=\"elementor-widget-container\">\n\t\t\t\t\t\t\t\t\t<div><div data-id=\"22B2252E-278B-4EEC-BAC8-59188899FF01\" data-kind=\"TEXT\"><div data-in-template=\"false\" data-id=\"22B2252E-278B-4EEC-BAC8-59188899FF01\" data-kind=\"Component\" data-specific-kind=\"TEXT\"><div data-mve-font-change=\"0\"><p><b>LASH EXTENIONS<br \/><\/b><span style=\"font-style: inherit; font-weight: inherit; color: var( --e-global-color-1d99c81 ); font-family: var( --e-global-typography-text-font-family ), Sans-serif; background-color: var( --e-global-color-primary );\">Eyelash extensions, er de kunstige vipper som benyttes til klassisk p\u00e5s\u00e6tning og h\u00e5ndlavet Volume (ogs\u00e5 kaldet Russian volume), samt Premade volume. Forskellen p\u00e5 klassisk og volume er, at ved klassisk p\u00e5s\u00e6tning p\u00e5s\u00e6ttes \u00e9n lash extension p\u00e5 \u00e9n naturvippe. Her s\u00e6ttes ikke flere extensions, end det antal vipper man selv har. \u00a0Med h\u00e5ndlavet volume, samler man flere finere lash extensions op, og samler dem i en vifte &#8211; \u00c9n volume fan p\u00e5s\u00e6ttes \u00e9n naturvippe, volume fanen best\u00e5r alts\u00e5 af flere sammensatte extensions (2, 3, 4 stk for alm. volume og flere end 5 stk kaldes mega volume). Volume p\u00e5s\u00e6tning kan derfor give max t\u00e6thed og flere looks. Premade volume er ogs\u00e5 h\u00e5ndlavede volumefans, de er bare sammensat fra start &#8211; s\u00e5 ikke man skal samle vifterne selv, og vippeteknikeren kan dermed neds\u00e6tte p\u00e5s\u00e6tningstiden, da h\u00e5ndlavet volume ofte tager langt tid at lave. H\u00e5ndlavet volume og premade volume holder lige godt, hvis man p\u00e5s\u00e6tter med h\u00f8j-kvalitets premade volume fans. Hybrid Lashes er et mix mellem klassisk p\u00e5s\u00e6tning 1:! og volume (h\u00e5ndlavede eller premade volume).<\/span><\/p><p><span style=\"font-style: inherit; font-weight: inherit; color: var( --e-global-color-1d99c81 ); font-family: var( --e-global-typography-text-font-family ), Sans-serif; background-color: var( --e-global-color-primary );\">Eyelash Extensions er idag prim\u00e6rt fremstillet af et syntetisk plastik materiale, hvor kvaliteterne kan variere, alt efter om det er nylon produceret i Kina eller SydKorea. Den bedste kvalitet af nylon produceres i Sydkorea og betegnes som &#8211; Korean PBT Fiber.\u00a0<\/span><\/p><p>Klassiske Eyelash Extensions er som udgangspunkt runde i roden og tynder ud i en spids, som efterligning af et rigtigt vippeh\u00e5r. Disse syntetiske nylon vipper kommer i forskellige farver, og med forskellig bearbejdning af overfladen &#8211; Fra semi matte til glossy. Jo mere glossy, des mere reflekterer lyset sig i dem og jo mindre naturlige ser de ud. Eyelash extensions findes ogs\u00e5 i forskellige l\u00e6ngder, tykkelser og kurver.<\/p><p>Selve kvaliteten p\u00e5 alle de forskellige typer extesnions man kan f\u00e5 til p\u00e5s\u00e6tning, varierer meget. De meget billige er udarbejdet af et ringere plastik materiale, som ogs\u00e5 mere unaturligt ud, og holde ikke deres kurve s\u00e5 godt. Fabrikkerne de produceres p\u00e5 er oftest i Kina, hvor der ingen kontrol er med hverken b\u00f8rnearbejde eller milj\u00f8\/kemi sikring. Derfor er det vigtigt, at din vippetekniker benytter godkendte extensions i god kvalitet, for bedste resultat.<\/p><p><b>ASPIRE CLASSIC LASH &#8211; LASER LASHES\u00a0<br \/><\/b><span style=\"font-style: inherit; font-weight: inherit; color: var( --e-global-color-1d99c81 ); font-family: var( --e-global-typography-text-font-family ), Sans-serif; background-color: var( --e-global-color-primary );\">De typer Eyelash Extensions vi s\u00e6lger i vores\u00a0<\/span>Pro Webshop<span style=\"font-style: inherit; font-weight: inherit; color: var( --e-global-color-1d99c81 ); font-family: var( --e-global-typography-text-font-family ), Sans-serif; background-color: var( --e-global-color-primary );\">\u00a0og benytter til klassisk 1:1 (single lashes) + h\u00e5ndlavet volume p\u00e5s\u00e6tning, kaldes\u00a0Laser Lashes. <\/span><span style=\"font-style: inherit; font-weight: inherit; color: var( --e-global-color-1d99c81 ); font-family: var( --e-global-typography-text-font-family ), Sans-serif; background-color: var( --e-global-color-primary );\">De er en videreudvikling af de klassiske extensions. Vores er linje fra Aspire by LASH BAR hedder Classic Lash, og er micro Laser behandlet i roden, hvilket g\u00f8r dem lettere og mere fleksible. Aspire Classic Lash kan dermed t\u00e5le mere belastning end de alm. klassiske eyelash extensions.<\/span><\/p><p><span style=\"font-style: inherit; font-weight: inherit; color: var( --e-global-color-1d99c81 ); font-family: var( --e-global-typography-text-font-family ), Sans-serif; background-color: var( --e-global-color-primary );\"><strong>Laser bearbejdningen g\u00f8r at de holder 25% bedre og har bedre fleksibilite<\/strong>t. \u00a0Farven er ultra sort, og de har en semi mat overflade og giver dybde, samt et smukt silkysoft look. De er\u00a0udarbejdet i h\u00f8jkvalitets PBT Nylon fra Sydkorea<\/span><\/p><p><span style=\"font-style: inherit; font-weight: inherit; color: var( --e-global-color-1d99c81 ); font-family: var( --e-global-typography-text-font-family ), Sans-serif; background-color: var( --e-global-color-primary );\">Vores Laser lashes er det bedste valg, uanset om man p\u00e5s\u00e6tter p\u00e5 fine\/normale\/kraftige vipper, tr\u00e6ner meget eller har kombineret til olieret hudtype. Disse extensions vil give en<\/span><span style=\"font-style: inherit; font-weight: inherit; color: var( --e-global-color-1d99c81 ); font-family: var( --e-global-typography-text-font-family ), Sans-serif; background-color: var( --e-global-color-primary );\">\u00a0ekstra lang holdbarhed. Typen Laser Lash benyttes ogs\u00e5 til vores undervisning p\u00e5\u00a0<\/span>Lash Bar Academy.<\/p><p><b>ASPIRE FLAT LASH+<br \/><\/b><span style=\"background-color: var( --e-global-color-primary );\"><span style=\"font-family: var( --e-global-typography-text-font-family ), Sans-serif;\"><span style=\"color: var( --e-global-color-1d99c81 ); font-style: inherit;\">Flat Lashes, double flat\/Super Flat Lashes eller Flat Lash+ (k\u00e6rt barn har mange navne), er stadig syntetiske nylon extensions, men er &#8216;flade&#8217; i roden og ud efter, istedet for runde som alm. extensions. De har derfor mindre materiale. Dette g\u00f8r, at de vejer meget mindre end \u00a0alm. eyelash extensions, men giver mere impact. Ofte vejer de mellem 45-60% mindre.\u00a0<\/span><\/span><\/span><\/p><p><span style=\"background-color: var( --e-global-color-primary );\"><span style=\"font-family: var( --e-global-typography-text-font-family ), Sans-serif;\"><span style=\"color: var( --e-global-color-1d99c81 ); font-style: inherit;\"> Aspire by LASH BAR&#8217;s Flat Lash+ er den nyeste generation af Flat Lashes. D<\/span><\/span><\/span>eres bearbejdning er fordoblet, hvilket g\u00f8r de holder deres kurve. \u00a0De giver max impact, men vejer hele 70% mindre og holder 35% bedre end alm. extenions. Flat Lash+ er af h\u00f8jeste kvalitet, af de som findes p\u00e5 markedet idag. De er ekstremt fleksible, ekstra lette og super bl\u00f8de, og giver den bedste holdbarhed og komfort. De er ultra sorte med smuk semi mat finish.<\/p><p>Du kan med Flat Lash+ opn\u00e5 mere fylde og l\u00e6ngere l\u00e6ngder end med classic extensions, uden at bekymre dig om de bliver for tunge. Flat Lash+ er ogs\u00e5 mere modstandsdygtige overfor friktion fx hvis man ligger p\u00e5 siden\/maven om natten, ved fjernelse af make up mv.\u00a0<\/p><p>NB: Du v\u00e6lger f\u00f8rst typen af extensions, n\u00e5r du ankommer til din behandling af klassisk p\u00e5s\u00e6tning. Flat Lash er lidt dyrere end alm. klassiske extensions, da du f\u00e5r en bedre kvalitet end alm. klassiske eyelash extensions.<\/p><\/div><\/div><\/div><\/div><div><div data-id=\"15132884-5ADE-4AFC-8172-287F57170E47\" data-kind=\"TEXT\"><div data-in-template=\"false\" data-id=\"15132884-5ADE-4AFC-8172-287F57170E47\" data-kind=\"Component\" data-specific-kind=\"TEXT\"><div data-mve-font-change=\"0\"><p><b>ASPIRE PREMADE VOLUME LASHES\u00a0<br \/><\/b><span style=\"font-style: inherit; font-weight: inherit; color: var( --e-global-color-1d99c81 ); font-family: var( --e-global-typography-text-font-family ), Sans-serif; background-color: var( --e-global-color-primary );\">Er stadig h\u00f8j kvalitets syntetiske nylon vipper, som ogs\u00e5 er micro laser typen. P\u00e5s\u00e6tningen er endnu lettere og endnu mere fleksibel end en klassisk 1:1 single lash p\u00e5s\u00e6tning, og kan derfor opretholde en bedre holdbarhed mellem opfyldningerne. En volume p\u00e5s\u00e6tning vil give en langt smukkere ensartet t\u00e6thed i vipperne. Volume kan b\u00e5de p\u00e5s\u00e6ttes i et meget naturligt t\u00e6t look (volume 2D-4D) Eller meget intenst i Mega Volume (+5D). N\u00e5r vi snakker om 2D eller 3D best\u00e5r volumefanen af 2 eller 3 extensions. Aspire Premade volume findes i 3D &amp; 6D volume fans, som man ogs\u00e5 kan mixe i samme p\u00e5s\u00e6tning, alt efter hvilken t\u00e6thed eller look man \u00f8nsker at opn\u00e5.<\/span><\/p><p>Denne p\u00e5s\u00e6tningsteknik er for dig, som \u00f8nsker den ultimative t\u00e6thed, og som ikke tynger dine egne vipper. Volume kan ogs\u00e5 klart anbefales, hvis man har fine skr\u00f8belige vipper, eller har sparsomt med vipper. Volume lashes har revolutioneret vippe industrien over hele verden til det bedre, og skabt de popul\u00e6re Hybrid Lashes, som er et mix mellem volume og klassisk p\u00e5s\u00e6tning i samme s\u00e6t vipper.<\/p><p>NB: H\u00e5ndlavet volume tager l\u00e6ngere tid end Premade volume, derfor er prisen h\u00f8jere. Ikke fordi de holder bedre &#8211; da premades idag er af meget h\u00f8j kvalitet &#8211; men fordi det er et ekstremt sv\u00e6rt h\u00e5ndv\u00e6rk, der tager \u00e5r at perfektionere. Dog er fordelen med en p\u00e5s\u00e6tning med premade volume, at man kan nedbringe p\u00e5s\u00e6tningstiden, s\u00e5 kunden ikke skal ligge s\u00e5 l\u00e6nge.\u00a0<\/p><\/div><\/div><\/div><\/div>\t\t\t\t\t\t\t\t<\/div>\n\t\t\t\t<\/div>\n\t\t\t\t\t<\/div>\n\t\t<\/div>\n\t\t\t\t\t<\/div>\n\t\t<\/section>\n\t\t\t\t<\/div>\n\t\t","protected":false},"excerpt":{"rendered":"<p>LASH EXTENSIONS TYPES LASH EXTENIONSEyelash extensions, er de kunstige vipper som benyttes til klassisk p\u00e5s\u00e6tning og h\u00e5ndlavet Volume (ogs\u00e5 kaldet Russian volume), samt Premade volume. Forskellen p\u00e5 klassisk og volume er, at ved klassisk p\u00e5s\u00e6tning p\u00e5s\u00e6ttes \u00e9n lash extension p\u00e5 \u00e9n naturvippe. Her s\u00e6ttes ikke flere extensions, end det antal vipper man selv har. \u00a0Med [&hellip;]<\/p>\n","protected":false},"author":1,"featured_media":0,"parent":0,"menu_order":0,"comment_status":"closed","ping_status":"closed","template":"","meta":{"site-sidebar-layout":"no-sidebar","site-content-layout":"page-builder","ast-site-content-layout":"default","site-content-style":"default","site-sidebar-style":"default","ast-global-header-display":"","ast-banner-title-visibility":"","ast-main-header-display":"","ast-hfb-above-header-display":"","ast-hfb-below-header-display":"","ast-hfb-mobile-header-display":"","site-post-title":"disabled","ast-breadcrumbs-content":"","ast-featured-img":"disabled","footer-sml-layout":"","ast-disable-related-posts":"","theme-transparent-header-meta":"","adv-header-id-meta":"","stick-header-meta":"","header-above-stick-meta":"","header-main-stick-meta":"","header-below-stick-meta":"","astra-migrate-meta-layouts":"default","ast-page-background-enabled":"default","ast-page-background-meta":{"desktop":{"background-color":"var(--ast-global-color-4)","background-image":"","background-repeat":"repeat","background-position":"center center","background-size":"auto","background-attachment":"scroll","background-type":"","background-media":"","overlay-type":"","overlay-color":"","overlay-opacity":"","overlay-gradient":""},"tablet":{"background-color":"","background-image":"","background-repeat":"repeat","background-position":"center center","background-size":"auto","background-attachment":"scroll","background-type":"","background-media":"","overlay-type":"","overlay-color":"","overlay-opacity":"","overlay-gradient":""},"mobile":{"background-color":"","background-image":"","background-repeat":"repeat","background-position":"center center","background-size":"auto","background-attachment":"scroll","background-type":"","background-media":"","overlay-type":"","overlay-color":"","overlay-opacity":"","overlay-gradient":""}},"ast-content-background-meta":{"desktop":{"background-color":"var(--ast-global-color-5)","background-image":"","background-repeat":"repeat","background-position":"center center","background-size":"auto","background-attachment":"scroll","background-type":"","background-media":"","overlay-type":"","overlay-color":"","overlay-opacity":"","overlay-gradient":""},"tablet":{"background-color":"var(--ast-global-color-5)","background-image":"","background-repeat":"repeat","background-position":"center center","background-size":"auto","background-attachment":"scroll","background-type":"","background-media":"","overlay-type":"","overlay-color":"","overlay-opacity":"","overlay-gradient":""},"mobile":{"background-color":"var(--ast-global-color-5)","background-image":"","background-repeat":"repeat","background-position":"center center","background-size":"auto","background-attachment":"scroll","background-type":"","background-media":"","overlay-type":"","overlay-color":"","overlay-opacity":"","overlay-gradient":""}},"footnotes":""},"class_list":["post-551","page","type-page","status-publish","hentry"],"yoast_head":"<!-- This site is optimized with the Yoast SEO plugin v27.2 - https:\/\/yoast.com\/product\/yoast-seo-wordpress\/ -->\n<title>Lash Extensions Types - Lashbarpro.com<\/title>\n<meta name=\"robots\" content=\"index, follow, max-snippet:-1, max-image-preview:large, max-video-preview:-1\" \/>\n<link rel=\"canonical\" href=\"https:\/\/lashbarpro.com\/en\/lash-extensions-types\/\" \/>\n<meta property=\"og:locale\" content=\"en_US\" \/>\n<meta property=\"og:type\" content=\"article\" \/>\n<meta property=\"og:title\" content=\"Lash Extensions Types - Lashbarpro.com\" \/>\n<meta property=\"og:description\" content=\"LASH EXTENSIONS TYPES LASH EXTENIONSEyelash extensions, er de kunstige vipper som benyttes til klassisk p\u00e5s\u00e6tning og h\u00e5ndlavet Volume (ogs\u00e5 kaldet Russian volume), samt Premade volume. Forskellen p\u00e5 klassisk og volume er, at ved klassisk p\u00e5s\u00e6tning p\u00e5s\u00e6ttes \u00e9n lash extension p\u00e5 \u00e9n naturvippe. Her s\u00e6ttes ikke flere extensions, end det antal vipper man selv har. \u00a0Med [&hellip;]\" \/>\n<meta property=\"og:url\" content=\"https:\/\/lashbarpro.com\/en\/lash-extensions-types\/\" \/>\n<meta property=\"og:site_name\" content=\"Lashbarpro.com\" \/>\n<meta property=\"article:modified_time\" content=\"2023-03-31T09:44:52+00:00\" \/>\n<meta name=\"twitter:card\" content=\"summary_large_image\" \/>\n<meta name=\"twitter:label1\" content=\"Est. reading time\" \/>\n\t<meta name=\"twitter:data1\" content=\"6 minutes\" \/>\n<script type=\"application\/ld+json\" class=\"yoast-schema-graph\">{\"@context\":\"https:\/\/schema.org\",\"@graph\":[{\"@type\":\"WebPage\",\"@id\":\"https:\/\/lashbarpro.com\/en\/lash-extensions-types\/\",\"url\":\"https:\/\/lashbarpro.com\/en\/lash-extensions-types\/\",\"name\":\"Lash Extensions Types - Lashbarpro.com\",\"isPartOf\":{\"@id\":\"https:\/\/lashbarpro.brandsome.dk\/#website\"},\"datePublished\":\"2022-11-10T12:20:53+00:00\",\"dateModified\":\"2023-03-31T09:44:52+00:00\",\"breadcrumb\":{\"@id\":\"https:\/\/lashbarpro.com\/en\/lash-extensions-types\/#breadcrumb\"},\"inLanguage\":\"en-US\",\"potentialAction\":[{\"@type\":\"ReadAction\",\"target\":[\"https:\/\/lashbarpro.com\/en\/lash-extensions-types\/\"]}]},{\"@type\":\"BreadcrumbList\",\"@id\":\"https:\/\/lashbarpro.com\/en\/lash-extensions-types\/#breadcrumb\",\"itemListElement\":[{\"@type\":\"ListItem\",\"position\":1,\"name\":\"Lash Bar Pro\",\"item\":\"https:\/\/lashbarpro.com\/en\/\"},{\"@type\":\"ListItem\",\"position\":2,\"name\":\"Lash Extensions Types\"}]},{\"@type\":\"WebSite\",\"@id\":\"https:\/\/lashbarpro.brandsome.dk\/#website\",\"url\":\"https:\/\/lashbarpro.brandsome.dk\/\",\"name\":\"Lashbarpro.com\",\"description\":\"\",\"potentialAction\":[{\"@type\":\"SearchAction\",\"target\":{\"@type\":\"EntryPoint\",\"urlTemplate\":\"https:\/\/lashbarpro.brandsome.dk\/?s={search_term_string}\"},\"query-input\":{\"@type\":\"PropertyValueSpecification\",\"valueRequired\":true,\"valueName\":\"search_term_string\"}}],\"inLanguage\":\"en-US\"}]}<\/script>\n<!-- \/ Yoast SEO plugin. -->","yoast_head_json":{"title":"Lash Extensions Types - Lashbarpro.com","robots":{"index":"index","follow":"follow","max-snippet":"max-snippet:-1","max-image-preview":"max-image-preview:large","max-video-preview":"max-video-preview:-1"},"canonical":"https:\/\/lashbarpro.com\/en\/lash-extensions-types\/","og_locale":"en_US","og_type":"article","og_title":"Lash Extensions Types - Lashbarpro.com","og_description":"LASH EXTENSIONS TYPES LASH EXTENIONSEyelash extensions, er de kunstige vipper som benyttes til klassisk p\u00e5s\u00e6tning og h\u00e5ndlavet Volume (ogs\u00e5 kaldet Russian volume), samt Premade volume. Forskellen p\u00e5 klassisk og volume er, at ved klassisk p\u00e5s\u00e6tning p\u00e5s\u00e6ttes \u00e9n lash extension p\u00e5 \u00e9n naturvippe. Her s\u00e6ttes ikke flere extensions, end det antal vipper man selv har. \u00a0Med [&hellip;]","og_url":"https:\/\/lashbarpro.com\/en\/lash-extensions-types\/","og_site_name":"Lashbarpro.com","article_modified_time":"2023-03-31T09:44:52+00:00","twitter_card":"summary_large_image","twitter_misc":{"Est. reading time":"6 minutes"},"schema":{"@context":"https:\/\/schema.org","@graph":[{"@type":"WebPage","@id":"https:\/\/lashbarpro.com\/en\/lash-extensions-types\/","url":"https:\/\/lashbarpro.com\/en\/lash-extensions-types\/","name":"Lash Extensions Types - Lashbarpro.com","isPartOf":{"@id":"https:\/\/lashbarpro.brandsome.dk\/#website"},"datePublished":"2022-11-10T12:20:53+00:00","dateModified":"2023-03-31T09:44:52+00:00","breadcrumb":{"@id":"https:\/\/lashbarpro.com\/en\/lash-extensions-types\/#breadcrumb"},"inLanguage":"en-US","potentialAction":[{"@type":"ReadAction","target":["https:\/\/lashbarpro.com\/en\/lash-extensions-types\/"]}]},{"@type":"BreadcrumbList","@id":"https:\/\/lashbarpro.com\/en\/lash-extensions-types\/#breadcrumb","itemListElement":[{"@type":"ListItem","position":1,"name":"Lash Bar Pro","item":"https:\/\/lashbarpro.com\/en\/"},{"@type":"ListItem","position":2,"name":"Lash Extensions Types"}]},{"@type":"WebSite","@id":"https:\/\/lashbarpro.brandsome.dk\/#website","url":"https:\/\/lashbarpro.brandsome.dk\/","name":"Lashbarpro.com","description":"","potentialAction":[{"@type":"SearchAction","target":{"@type":"EntryPoint","urlTemplate":"https:\/\/lashbarpro.brandsome.dk\/?s={search_term_string}"},"query-input":{"@type":"PropertyValueSpecification","valueRequired":true,"valueName":"search_term_string"}}],"inLanguage":"en-US"}]}},"_links":{"self":[{"href":"https:\/\/lashbarpro.com\/en\/wp-json\/wp\/v2\/pages\/551","targetHints":{"allow":["GET"]}}],"collection":[{"href":"https:\/\/lashbarpro.com\/en\/wp-json\/wp\/v2\/pages"}],"about":[{"href":"https:\/\/lashbarpro.com\/en\/wp-json\/wp\/v2\/types\/page"}],"author":[{"embeddable":true,"href":"https:\/\/lashbarpro.com\/en\/wp-json\/wp\/v2\/users\/1"}],"replies":[{"embeddable":true,"href":"https:\/\/lashbarpro.com\/en\/wp-json\/wp\/v2\/comments?post=551"}],"version-history":[{"count":5,"href":"https:\/\/lashbarpro.com\/en\/wp-json\/wp\/v2\/pages\/551\/revisions"}],"predecessor-version":[{"id":6038,"href":"https:\/\/lashbarpro.com\/en\/wp-json\/wp\/v2\/pages\/551\/revisions\/6038"}],"wp:attachment":[{"href":"https:\/\/lashbarpro.com\/en\/wp-json\/wp\/v2\/media?parent=551"}],"curies":[{"name":"wp","href":"https:\/\/api.w.org\/{rel}","templated":true}]}}