{"id":538,"date":"2022-11-10T13:09:49","date_gmt":"2022-11-10T12:09:49","guid":{"rendered":"https:\/\/lashbarpro.brandsome.dk\/?page_id=538"},"modified":"2022-11-10T13:14:48","modified_gmt":"2022-11-10T12:14:48","slug":"brow-styling","status":"publish","type":"page","link":"https:\/\/lashbarpro.com\/en\/brow-styling\/","title":{"rendered":"Brow Styling"},"content":{"rendered":"\t\t<div data-elementor-type=\"wp-page\" data-elementor-id=\"538\" class=\"elementor elementor-538\" data-elementor-post-type=\"page\">\n\t\t\t\t\t\t<section class=\"elementor-section elementor-top-section elementor-element elementor-element-622f2362 elementor-section-boxed elementor-section-height-default elementor-section-height-default\" data-id=\"622f2362\" data-element_type=\"section\" data-e-type=\"section\">\n\t\t\t\t\t\t<div class=\"elementor-container elementor-column-gap-default\">\n\t\t\t\t\t<div class=\"elementor-column elementor-col-100 elementor-top-column elementor-element elementor-element-443b939\" data-id=\"443b939\" data-element_type=\"column\" data-e-type=\"column\">\n\t\t\t<div class=\"elementor-widget-wrap elementor-element-populated\">\n\t\t\t\t\t\t<div class=\"elementor-element elementor-element-f1b6403 elementor-widget elementor-widget-image\" data-id=\"f1b6403\" data-element_type=\"widget\" data-e-type=\"widget\" data-widget_type=\"image.default\">\n\t\t\t\t<div class=\"elementor-widget-container\">\n\t\t\t\t\t\t\t\t\t\t\t\t\t\t\t<img fetchpriority=\"high\" decoding=\"async\" width=\"968\" height=\"286\" src=\"https:\/\/lashbarpro.com\/wp-content\/uploads\/2022\/11\/kbbBannerny1.jpg\" class=\"attachment-large size-large wp-image-1062\" alt=\"\" srcset=\"https:\/\/lashbarpro.com\/wp-content\/uploads\/2022\/11\/kbbBannerny1.jpg 968w, https:\/\/lashbarpro.com\/wp-content\/uploads\/2022\/11\/kbbBannerny1-300x89.jpg 300w, https:\/\/lashbarpro.com\/wp-content\/uploads\/2022\/11\/kbbBannerny1-768x227.jpg 768w, https:\/\/lashbarpro.com\/wp-content\/uploads\/2022\/11\/kbbBannerny1-600x177.jpg 600w\" sizes=\"(max-width: 968px) 100vw, 968px\" \/>\t\t\t\t\t\t\t\t\t\t\t\t\t\t\t<\/div>\n\t\t\t\t<\/div>\n\t\t\t\t\t<\/div>\n\t\t<\/div>\n\t\t\t\t\t<\/div>\n\t\t<\/section>\n\t\t\t\t<section class=\"elementor-section elementor-top-section elementor-element elementor-element-07ecb9b elementor-section-boxed elementor-section-height-default elementor-section-height-default\" data-id=\"07ecb9b\" data-element_type=\"section\" data-e-type=\"section\">\n\t\t\t\t\t\t<div class=\"elementor-container elementor-column-gap-default\">\n\t\t\t\t\t<div class=\"elementor-column elementor-col-100 elementor-top-column elementor-element elementor-element-3b9c2aa\" data-id=\"3b9c2aa\" data-element_type=\"column\" data-e-type=\"column\">\n\t\t\t<div class=\"elementor-widget-wrap elementor-element-populated\">\n\t\t\t\t\t\t<div class=\"elementor-element elementor-element-cf44ce1 elementor-widget elementor-widget-heading\" data-id=\"cf44ce1\" data-element_type=\"widget\" data-e-type=\"widget\" data-widget_type=\"heading.default\">\n\t\t\t\t<div class=\"elementor-widget-container\">\n\t\t\t\t\t<h2 class=\"elementor-heading-title elementor-size-default\">BROW STYLING<\/h2>\t\t\t\t<\/div>\n\t\t\t\t<\/div>\n\t\t\t\t\t<\/div>\n\t\t<\/div>\n\t\t\t\t\t<\/div>\n\t\t<\/section>\n\t\t\t\t<section class=\"elementor-section elementor-top-section elementor-element elementor-element-d607d8a elementor-section-boxed elementor-section-height-default elementor-section-height-default\" data-id=\"d607d8a\" data-element_type=\"section\" data-e-type=\"section\">\n\t\t\t\t\t\t<div class=\"elementor-container elementor-column-gap-default\">\n\t\t\t\t\t<div class=\"elementor-column elementor-col-100 elementor-top-column elementor-element elementor-element-4998472\" data-id=\"4998472\" data-element_type=\"column\" data-e-type=\"column\">\n\t\t\t<div class=\"elementor-widget-wrap elementor-element-populated\">\n\t\t\t\t\t\t<div class=\"elementor-element elementor-element-b24c902 elementor-widget elementor-widget-text-editor\" data-id=\"b24c902\" data-element_type=\"widget\" data-e-type=\"widget\" data-widget_type=\"text-editor.default\">\n\t\t\t\t<div class=\"elementor-widget-container\">\n\t\t\t\t\t\t\t\t\t<p><b>BROW STYLING<br><\/b><span style=\"font-style: inherit; font-weight: inherit; color: var( --e-global-color-1d99c81 ); font-family: var( --e-global-typography-text-font-family ), Sans-serif; background-color: var( --e-global-color-primary );\">Er ikke noget nyt, men har v\u00e6re brugt og kendt l\u00e6nge af is\u00e6r celebrities i bl.a. Los Angeles, New York og London, ja efterh\u00e5nden i hele verden.<\/span><\/p>\n<p>Lash Bars Brow Styling er for alle. Den perfekte l\u00f8sning uanset om du helt enkelt bare har brug for en bedre brynsform eller behov for at transformere overplukkede, tynde eller sk\u00e6ve bryn.<\/p>\n<p>&#8216;Less is more&#8217; er bryns-trenden ligenu. Vores popul\u00e6re signatur Brow styling inkluderer konsultation, sk\u00f8n fugtgivende \u00f8jenmaske, brynsopm\u00e5ling med udgangspunkt i \u00f8jen- og ansigtsform, farvning og tilretning af bryn (voks, saks og pincet) inkl. plejende efterbehandling med serum\/creme. Vi guider dig i hvordan vi afslutter med Kelley Baker bryns-makeup (hvordan du benytter highlight, brow powder\/pencil samt brow gel).<\/p>\n<p>Lash Bar&#8217;s Brow Styling giver dig smukkere, mere definerede og velformede bryn end du nogensinde f\u00f8r har oplevet.<\/p>\n<p>Varighed ca. 45 minutter.<\/p>\n<p>Tip: Du kan med fordel til\u00e6gge vores Brow Lamination til en Brow Styling behandling.<\/p>\n<p><\/p>\n<p><b>BROW SHAPING&nbsp;&nbsp;<br><\/b><span style=\"font-style: inherit; font-weight: inherit; color: var( --e-global-color-1d99c81 ); font-family: var( --e-global-typography-text-font-family ), Sans-serif; background-color: var( --e-global-color-primary );\">Til dig som bare mangler form p\u00e5 brynene.<\/span><\/p>\n<p>Indeholder: Konsultation, Brow Shaping med voks, trimning med saks og tilretning med pincet. Inkl. \u00f8jenmaske.<\/p>\n<p>Uden farve og uden afsluttende bryns makeup.<\/p>\n<p>V\u00e6lg &nbsp;Brow Styling hvis du \u00f8nsker allround behandling af dine bryn .<\/p>\n<p>Varighed ca. 30 min inkl modtagelse og betaling.&nbsp;<\/p>\n<p>Brow Shaping er ogs\u00e5 for m\u00e6nd.<\/p>\n<p><\/p>\n<p><b>BROW QUICK FIX<br><\/b><span style=\"font-style: inherit; font-weight: inherit; color: var( --e-global-color-1d99c81 ); font-family: var( --e-global-typography-text-font-family ), Sans-serif; background-color: var( --e-global-color-primary );\">Til dig som \u00f8nsker farve og bare lige mangler at f\u00e5 cleanet brynene let op.<\/span><\/p>\n<p>Indeholder:&nbsp;Farve af bryn samt let tilretning\/clean-up med pincet eller voks inkl. \u00f8jenmaske.<\/p>\n<p>Uden bryns makeup.<\/p>\n<p>Varighed ca 20 min.<\/p>\n<p>Tip: V\u00e6lg Brow Shaping hvis ikke din brynsform er holdt ved lige, eller Brow Styling hvis du \u00f8nsker allround behandling af dine bryn .<\/p>\n<p>Brow Quick Fix er ogs\u00e5 for m\u00e6nd som ogs\u00e5 \u00f8nsker farve af bryn.<\/p>\n<p><\/p>\n<p><b>BROW TWEEZE\/WAX<br><\/b><span style=\"font-style: inherit; font-weight: inherit; color: var( --e-global-color-1d99c81 ); font-family: var( --e-global-typography-text-font-family ), Sans-serif; background-color: var( --e-global-color-primary );\">Perfekt til m\u00e6nd, eller dig som kun lige mangler en meget let tilretning.<\/span><\/p>\n<p>Indeholder:&nbsp;Let tilretning\/clean-up af bryn med pincet eller voks inkl. \u00f8jenmaske.<\/p>\n<p>Uden farve og uden bryns makeup<\/p>\n<p>Varighed 15min. inkl. modtagelse og betaling.<\/p>\n<p>Tip: Vi anbefaler Brow Quick Fix hvis du ogs\u00e5 \u00f8nsker farve.<\/p>\n<p>V\u00e6lg Brow Shaping hvis ikke din brynsform er holdt ved lige, eller Brow Styling hvis du \u00f8nsker allround behandling af dine bryn .<\/p>\n<p>Brow Tweeze\/Wax er ogs\u00e5 for m\u00e6nd.<\/p>\n<p><b>BROW LAMINATION &#8211; BROW LIFT&nbsp;&nbsp;<br><\/b><span style=\"font-style: inherit; font-weight: inherit; color: var( --e-global-color-1d99c81 ); font-family: var( --e-global-typography-text-font-family ), Sans-serif; background-color: var( --e-global-color-primary );\">Er for alle som \u00f8nsker et mere opl\u00f8ftet og lidt bredere bryn &#8211; B\u00e5de m\u00e6nd &amp; kvinder.<\/span><\/p>\n<p>Denne behandling vil l\u00f8fte brynsh\u00e5rene i en mere opadg\u00e5ende eller ensartet retning. Giver et mere fyldigt bryn. Brynsh\u00e5rene p\u00e5virkes med kemiske produkter, som \u00e6ndrer h\u00e5rets form, ligesom ved lash lift. Dog er det vigtigt at s\u00e5dan en behandling udf\u00f8res med godkendte produkter til brug p\u00e5 huden, da perm produkter kan kemisk forbr\u00e6nde huden samt kemisk klippe og \u00f8del\u00e6gge h\u00e5rene. Hos LASH BAR benyttes vores eget EU produceret system, som er 100% vegansk og fri for parabener. Derudover indeholder vores system en ny sk\u00e5nsom Lift teknologi, s\u00e5 h\u00e5ret genopbygges og styrkes istedet for at nedbrydes, Der afsluttes altid med en super styrkende Keratin Boost &amp; Repair behandling.<\/p>\n<p>Varighed Brow Lamination \/ Brow Lift ca. 30min. (uden farve eller ret).&nbsp;<\/p>\n<p>Tip: Brow Lamination\/Lift&nbsp;er en brynsbehandling som man kan f\u00e5 for sig eller som till\u00e6g til alle overst\u00e5ende behandlinger.<\/p>\n<p>Allergi: Er du i tvivl om du kan t\u00e5le makeup fjerner, bryns farve, lift lotions eller makeup, anbefaler vi en allergitest 48 timer inden behandling.<\/p>\t\t\t\t\t\t\t\t<\/div>\n\t\t\t\t<\/div>\n\t\t\t\t\t<\/div>\n\t\t<\/div>\n\t\t\t\t\t<\/div>\n\t\t<\/section>\n\t\t\t\t<\/div>\n\t\t","protected":false},"excerpt":{"rendered":"<p>BROW STYLING BROW STYLINGEr ikke noget nyt, men har v\u00e6re brugt og kendt l\u00e6nge af is\u00e6r celebrities i bl.a. Los Angeles, New York og London, ja efterh\u00e5nden i hele verden. Lash Bars Brow Styling er for alle. Den perfekte l\u00f8sning uanset om du helt enkelt bare har brug for en bedre brynsform eller behov for [&hellip;]<\/p>\n","protected":false},"author":1,"featured_media":0,"parent":0,"menu_order":0,"comment_status":"closed","ping_status":"closed","template":"","meta":{"site-sidebar-layout":"no-sidebar","site-content-layout":"page-builder","ast-site-content-layout":"default","site-content-style":"default","site-sidebar-style":"default","ast-global-header-display":"","ast-banner-title-visibility":"","ast-main-header-display":"","ast-hfb-above-header-display":"","ast-hfb-below-header-display":"","ast-hfb-mobile-header-display":"","site-post-title":"disabled","ast-breadcrumbs-content":"","ast-featured-img":"disabled","footer-sml-layout":"","ast-disable-related-posts":"","theme-transparent-header-meta":"","adv-header-id-meta":"","stick-header-meta":"","header-above-stick-meta":"","header-main-stick-meta":"","header-below-stick-meta":"","astra-migrate-meta-layouts":"default","ast-page-background-enabled":"default","ast-page-background-meta":{"desktop":{"background-color":"var(--ast-global-color-4)","background-image":"","background-repeat":"repeat","background-position":"center center","background-size":"auto","background-attachment":"scroll","background-type":"","background-media":"","overlay-type":"","overlay-color":"","overlay-opacity":"","overlay-gradient":""},"tablet":{"background-color":"","background-image":"","background-repeat":"repeat","background-position":"center center","background-size":"auto","background-attachment":"scroll","background-type":"","background-media":"","overlay-type":"","overlay-color":"","overlay-opacity":"","overlay-gradient":""},"mobile":{"background-color":"","background-image":"","background-repeat":"repeat","background-position":"center center","background-size":"auto","background-attachment":"scroll","background-type":"","background-media":"","overlay-type":"","overlay-color":"","overlay-opacity":"","overlay-gradient":""}},"ast-content-background-meta":{"desktop":{"background-color":"var(--ast-global-color-5)","background-image":"","background-repeat":"repeat","background-position":"center center","background-size":"auto","background-attachment":"scroll","background-type":"","background-media":"","overlay-type":"","overlay-color":"","overlay-opacity":"","overlay-gradient":""},"tablet":{"background-color":"var(--ast-global-color-5)","background-image":"","background-repeat":"repeat","background-position":"center center","background-size":"auto","background-attachment":"scroll","background-type":"","background-media":"","overlay-type":"","overlay-color":"","overlay-opacity":"","overlay-gradient":""},"mobile":{"background-color":"var(--ast-global-color-5)","background-image":"","background-repeat":"repeat","background-position":"center center","background-size":"auto","background-attachment":"scroll","background-type":"","background-media":"","overlay-type":"","overlay-color":"","overlay-opacity":"","overlay-gradient":""}},"footnotes":""},"class_list":["post-538","page","type-page","status-publish","hentry"],"yoast_head":"<!-- This site is optimized with the Yoast SEO plugin v27.5 - https:\/\/yoast.com\/product\/yoast-seo-wordpress\/ -->\n<title>Brow Styling - Lashbarpro.com<\/title>\n<meta name=\"robots\" content=\"index, follow, max-snippet:-1, max-image-preview:large, max-video-preview:-1\" \/>\n<link rel=\"canonical\" href=\"https:\/\/lashbarpro.com\/en\/brow-styling\/\" \/>\n<meta property=\"og:locale\" content=\"en_US\" \/>\n<meta property=\"og:type\" content=\"article\" \/>\n<meta property=\"og:title\" content=\"Brow Styling - Lashbarpro.com\" \/>\n<meta property=\"og:description\" content=\"BROW STYLING BROW STYLINGEr ikke noget nyt, men har v\u00e6re brugt og kendt l\u00e6nge af is\u00e6r celebrities i bl.a. Los Angeles, New York og London, ja efterh\u00e5nden i hele verden. Lash Bars Brow Styling er for alle. Den perfekte l\u00f8sning uanset om du helt enkelt bare har brug for en bedre brynsform eller behov for [&hellip;]\" \/>\n<meta property=\"og:url\" content=\"https:\/\/lashbarpro.com\/en\/brow-styling\/\" \/>\n<meta property=\"og:site_name\" content=\"Lashbarpro.com\" \/>\n<meta property=\"article:modified_time\" content=\"2022-11-10T12:14:48+00:00\" \/>\n<meta property=\"og:image\" content=\"https:\/\/lashbarpro.brandsome.dk\/wp-content\/uploads\/2022\/11\/kbbBannerny1.jpg\" \/>\n<meta name=\"twitter:card\" content=\"summary_large_image\" \/>\n<meta name=\"twitter:label1\" content=\"Est. reading time\" \/>\n\t<meta name=\"twitter:data1\" content=\"4 minutes\" \/>\n<script type=\"application\/ld+json\" class=\"yoast-schema-graph\">{\"@context\":\"https:\\\/\\\/schema.org\",\"@graph\":[{\"@type\":\"WebPage\",\"@id\":\"https:\\\/\\\/lashbarpro.com\\\/en\\\/brow-styling\\\/\",\"url\":\"https:\\\/\\\/lashbarpro.com\\\/en\\\/brow-styling\\\/\",\"name\":\"Brow Styling - Lashbarpro.com\",\"isPartOf\":{\"@id\":\"https:\\\/\\\/lashbarpro.brandsome.dk\\\/#website\"},\"primaryImageOfPage\":{\"@id\":\"https:\\\/\\\/lashbarpro.com\\\/en\\\/brow-styling\\\/#primaryimage\"},\"image\":{\"@id\":\"https:\\\/\\\/lashbarpro.com\\\/en\\\/brow-styling\\\/#primaryimage\"},\"thumbnailUrl\":\"https:\\\/\\\/lashbarpro.com\\\/wp-content\\\/uploads\\\/2022\\\/11\\\/kbbBannerny1.jpg\",\"datePublished\":\"2022-11-10T12:09:49+00:00\",\"dateModified\":\"2022-11-10T12:14:48+00:00\",\"breadcrumb\":{\"@id\":\"https:\\\/\\\/lashbarpro.com\\\/en\\\/brow-styling\\\/#breadcrumb\"},\"inLanguage\":\"en-US\",\"potentialAction\":[{\"@type\":\"ReadAction\",\"target\":[\"https:\\\/\\\/lashbarpro.com\\\/en\\\/brow-styling\\\/\"]}]},{\"@type\":\"ImageObject\",\"inLanguage\":\"en-US\",\"@id\":\"https:\\\/\\\/lashbarpro.com\\\/en\\\/brow-styling\\\/#primaryimage\",\"url\":\"https:\\\/\\\/lashbarpro.com\\\/wp-content\\\/uploads\\\/2022\\\/11\\\/kbbBannerny1.jpg\",\"contentUrl\":\"https:\\\/\\\/lashbarpro.com\\\/wp-content\\\/uploads\\\/2022\\\/11\\\/kbbBannerny1.jpg\"},{\"@type\":\"BreadcrumbList\",\"@id\":\"https:\\\/\\\/lashbarpro.com\\\/en\\\/brow-styling\\\/#breadcrumb\",\"itemListElement\":[{\"@type\":\"ListItem\",\"position\":1,\"name\":\"Lash Bar Pro\",\"item\":\"https:\\\/\\\/lashbarpro.com\\\/en\\\/\"},{\"@type\":\"ListItem\",\"position\":2,\"name\":\"Brow Styling\"}]},{\"@type\":\"WebSite\",\"@id\":\"https:\\\/\\\/lashbarpro.brandsome.dk\\\/#website\",\"url\":\"https:\\\/\\\/lashbarpro.brandsome.dk\\\/\",\"name\":\"Lashbarpro.com\",\"description\":\"\",\"potentialAction\":[{\"@type\":\"SearchAction\",\"target\":{\"@type\":\"EntryPoint\",\"urlTemplate\":\"https:\\\/\\\/lashbarpro.brandsome.dk\\\/?s={search_term_string}\"},\"query-input\":{\"@type\":\"PropertyValueSpecification\",\"valueRequired\":true,\"valueName\":\"search_term_string\"}}],\"inLanguage\":\"en-US\"}]}<\/script>\n<!-- \/ Yoast SEO plugin. -->","yoast_head_json":{"title":"Brow Styling - Lashbarpro.com","robots":{"index":"index","follow":"follow","max-snippet":"max-snippet:-1","max-image-preview":"max-image-preview:large","max-video-preview":"max-video-preview:-1"},"canonical":"https:\/\/lashbarpro.com\/en\/brow-styling\/","og_locale":"en_US","og_type":"article","og_title":"Brow Styling - Lashbarpro.com","og_description":"BROW STYLING BROW STYLINGEr ikke noget nyt, men har v\u00e6re brugt og kendt l\u00e6nge af is\u00e6r celebrities i bl.a. Los Angeles, New York og London, ja efterh\u00e5nden i hele verden. Lash Bars Brow Styling er for alle. Den perfekte l\u00f8sning uanset om du helt enkelt bare har brug for en bedre brynsform eller behov for [&hellip;]","og_url":"https:\/\/lashbarpro.com\/en\/brow-styling\/","og_site_name":"Lashbarpro.com","article_modified_time":"2022-11-10T12:14:48+00:00","og_image":[{"url":"https:\/\/lashbarpro.brandsome.dk\/wp-content\/uploads\/2022\/11\/kbbBannerny1.jpg","type":"","width":"","height":""}],"twitter_card":"summary_large_image","twitter_misc":{"Est. reading time":"4 minutes"},"schema":{"@context":"https:\/\/schema.org","@graph":[{"@type":"WebPage","@id":"https:\/\/lashbarpro.com\/en\/brow-styling\/","url":"https:\/\/lashbarpro.com\/en\/brow-styling\/","name":"Brow Styling - Lashbarpro.com","isPartOf":{"@id":"https:\/\/lashbarpro.brandsome.dk\/#website"},"primaryImageOfPage":{"@id":"https:\/\/lashbarpro.com\/en\/brow-styling\/#primaryimage"},"image":{"@id":"https:\/\/lashbarpro.com\/en\/brow-styling\/#primaryimage"},"thumbnailUrl":"https:\/\/lashbarpro.com\/wp-content\/uploads\/2022\/11\/kbbBannerny1.jpg","datePublished":"2022-11-10T12:09:49+00:00","dateModified":"2022-11-10T12:14:48+00:00","breadcrumb":{"@id":"https:\/\/lashbarpro.com\/en\/brow-styling\/#breadcrumb"},"inLanguage":"en-US","potentialAction":[{"@type":"ReadAction","target":["https:\/\/lashbarpro.com\/en\/brow-styling\/"]}]},{"@type":"ImageObject","inLanguage":"en-US","@id":"https:\/\/lashbarpro.com\/en\/brow-styling\/#primaryimage","url":"https:\/\/lashbarpro.com\/wp-content\/uploads\/2022\/11\/kbbBannerny1.jpg","contentUrl":"https:\/\/lashbarpro.com\/wp-content\/uploads\/2022\/11\/kbbBannerny1.jpg"},{"@type":"BreadcrumbList","@id":"https:\/\/lashbarpro.com\/en\/brow-styling\/#breadcrumb","itemListElement":[{"@type":"ListItem","position":1,"name":"Lash Bar Pro","item":"https:\/\/lashbarpro.com\/en\/"},{"@type":"ListItem","position":2,"name":"Brow Styling"}]},{"@type":"WebSite","@id":"https:\/\/lashbarpro.brandsome.dk\/#website","url":"https:\/\/lashbarpro.brandsome.dk\/","name":"Lashbarpro.com","description":"","potentialAction":[{"@type":"SearchAction","target":{"@type":"EntryPoint","urlTemplate":"https:\/\/lashbarpro.brandsome.dk\/?s={search_term_string}"},"query-input":{"@type":"PropertyValueSpecification","valueRequired":true,"valueName":"search_term_string"}}],"inLanguage":"en-US"}]}},"_links":{"self":[{"href":"https:\/\/lashbarpro.com\/en\/wp-json\/wp\/v2\/pages\/538","targetHints":{"allow":["GET"]}}],"collection":[{"href":"https:\/\/lashbarpro.com\/en\/wp-json\/wp\/v2\/pages"}],"about":[{"href":"https:\/\/lashbarpro.com\/en\/wp-json\/wp\/v2\/types\/page"}],"author":[{"embeddable":true,"href":"https:\/\/lashbarpro.com\/en\/wp-json\/wp\/v2\/users\/1"}],"replies":[{"embeddable":true,"href":"https:\/\/lashbarpro.com\/en\/wp-json\/wp\/v2\/comments?post=538"}],"version-history":[{"count":5,"href":"https:\/\/lashbarpro.com\/en\/wp-json\/wp\/v2\/pages\/538\/revisions"}],"predecessor-version":[{"id":550,"href":"https:\/\/lashbarpro.com\/en\/wp-json\/wp\/v2\/pages\/538\/revisions\/550"}],"wp:attachment":[{"href":"https:\/\/lashbarpro.com\/en\/wp-json\/wp\/v2\/media?parent=538"}],"curies":[{"name":"wp","href":"https:\/\/api.w.org\/{rel}","templated":true}]}}