{"id":526,"date":"2022-11-10T12:56:15","date_gmt":"2022-11-10T11:56:15","guid":{"rendered":"https:\/\/lashbarpro.brandsome.dk\/?page_id=526"},"modified":"2022-11-10T12:58:30","modified_gmt":"2022-11-10T11:58:30","slug":"lash-brow-tint","status":"publish","type":"page","link":"https:\/\/lashbarpro.com\/en\/lash-brow-tint\/","title":{"rendered":"Lash &#038; Brow Tint"},"content":{"rendered":"\t\t<div data-elementor-type=\"wp-page\" data-elementor-id=\"526\" class=\"elementor elementor-526\" data-elementor-post-type=\"page\">\n\t\t\t\t\t\t<section class=\"elementor-section elementor-top-section elementor-element elementor-element-1e0f77e4 elementor-section-boxed elementor-section-height-default elementor-section-height-default\" data-id=\"1e0f77e4\" data-element_type=\"section\" data-e-type=\"section\" data-settings=\"{&quot;background_background&quot;:&quot;classic&quot;}\">\n\t\t\t\t\t\t<div class=\"elementor-container elementor-column-gap-default\">\n\t\t\t\t\t<div class=\"elementor-column elementor-col-100 elementor-top-column elementor-element elementor-element-d4c2742\" data-id=\"d4c2742\" data-element_type=\"column\" data-e-type=\"column\">\n\t\t\t<div class=\"elementor-widget-wrap elementor-element-populated\">\n\t\t\t\t\t\t<div class=\"elementor-element elementor-element-4b21a891 elementor-widget elementor-widget-spacer\" data-id=\"4b21a891\" data-element_type=\"widget\" data-e-type=\"widget\" data-widget_type=\"spacer.default\">\n\t\t\t\t<div class=\"elementor-widget-container\">\n\t\t\t\t\t\t\t<div class=\"elementor-spacer\">\n\t\t\t<div class=\"elementor-spacer-inner\"><\/div>\n\t\t<\/div>\n\t\t\t\t\t\t<\/div>\n\t\t\t\t<\/div>\n\t\t\t\t<div class=\"elementor-element elementor-element-16853127 elementor-widget elementor-widget-heading\" data-id=\"16853127\" data-element_type=\"widget\" data-e-type=\"widget\" data-widget_type=\"heading.default\">\n\t\t\t\t<div class=\"elementor-widget-container\">\n\t\t\t\t\t<h2 class=\"elementor-heading-title elementor-size-default\">LASH &amp; BROW TINT<\/h2>\t\t\t\t<\/div>\n\t\t\t\t<\/div>\n\t\t\t\t\t<\/div>\n\t\t<\/div>\n\t\t\t\t\t<\/div>\n\t\t<\/section>\n\t\t\t\t<section class=\"elementor-section elementor-top-section elementor-element elementor-element-ebec15c elementor-section-boxed elementor-section-height-default elementor-section-height-default\" data-id=\"ebec15c\" data-element_type=\"section\" data-e-type=\"section\">\n\t\t\t\t\t\t<div class=\"elementor-container elementor-column-gap-default\">\n\t\t\t\t\t<div class=\"elementor-column elementor-col-100 elementor-top-column elementor-element elementor-element-1b672ae\" data-id=\"1b672ae\" data-element_type=\"column\" data-e-type=\"column\">\n\t\t\t<div class=\"elementor-widget-wrap elementor-element-populated\">\n\t\t\t\t\t\t<div class=\"elementor-element elementor-element-0092145 elementor-widget elementor-widget-heading\" data-id=\"0092145\" data-element_type=\"widget\" data-e-type=\"widget\" data-widget_type=\"heading.default\">\n\t\t\t\t<div class=\"elementor-widget-container\">\n\t\t\t\t\t<h2 class=\"elementor-heading-title elementor-size-default\">LASH &amp; BROW TINT<\/h2>\t\t\t\t<\/div>\n\t\t\t\t<\/div>\n\t\t\t\t<div class=\"elementor-element elementor-element-ca8c875 elementor-widget elementor-widget-text-editor\" data-id=\"ca8c875\" data-element_type=\"widget\" data-e-type=\"widget\" data-widget_type=\"text-editor.default\">\n\t\t\t\t<div class=\"elementor-widget-container\">\n\t\t\t\t\t\t\t\t\t<p>Den klassiske farvning af vipper og\/eller bryn. Hos Lash Bar udf\u00f8rer vi dog denne behandling med custom made colormix.<\/p><p>Det betyder at din stylist mixer diverse farvekombinationer sammen, s\u00e5 de bedst mulig matcher dig og dine \u00f8nsker.<\/p><p>Lash &amp; Brow Tint er altid en god kombination.<\/p><p>Du kan ogs\u00e5 kombinere farvning af vipper i forbindelse med Lash Lifts og vores popul\u00e6re brow treatments for et ekstra smukt resultat.<\/p><p>Er du i tvivl om du kan t\u00e5le at f\u00e5 farvet vipper eller bryn, s\u00e5 anbefaler vi en allergitest forinden behandling<\/p>\t\t\t\t\t\t\t\t<\/div>\n\t\t\t\t<\/div>\n\t\t\t\t\t<\/div>\n\t\t<\/div>\n\t\t\t\t\t<\/div>\n\t\t<\/section>\n\t\t\t\t<\/div>\n\t\t","protected":false},"excerpt":{"rendered":"<p>LASH &#038; BROW TINT LASH &#038; BROW TINT Den klassiske farvning af vipper og\/eller bryn. Hos Lash Bar udf\u00f8rer vi dog denne behandling med custom made colormix. Det betyder at din stylist mixer diverse farvekombinationer sammen, s\u00e5 de bedst mulig matcher dig og dine \u00f8nsker. Lash &amp; Brow Tint er altid en god kombination. Du [&hellip;]<\/p>\n","protected":false},"author":1,"featured_media":0,"parent":0,"menu_order":0,"comment_status":"closed","ping_status":"closed","template":"","meta":{"site-sidebar-layout":"no-sidebar","site-content-layout":"page-builder","ast-site-content-layout":"default","site-content-style":"default","site-sidebar-style":"default","ast-global-header-display":"","ast-banner-title-visibility":"","ast-main-header-display":"","ast-hfb-above-header-display":"","ast-hfb-below-header-display":"","ast-hfb-mobile-header-display":"","site-post-title":"disabled","ast-breadcrumbs-content":"","ast-featured-img":"disabled","footer-sml-layout":"","ast-disable-related-posts":"","theme-transparent-header-meta":"","adv-header-id-meta":"","stick-header-meta":"","header-above-stick-meta":"","header-main-stick-meta":"","header-below-stick-meta":"","astra-migrate-meta-layouts":"default","ast-page-background-enabled":"default","ast-page-background-meta":{"desktop":{"background-color":"var(--ast-global-color-4)","background-image":"","background-repeat":"repeat","background-position":"center center","background-size":"auto","background-attachment":"scroll","background-type":"","background-media":"","overlay-type":"","overlay-color":"","overlay-opacity":"","overlay-gradient":""},"tablet":{"background-color":"","background-image":"","background-repeat":"repeat","background-position":"center center","background-size":"auto","background-attachment":"scroll","background-type":"","background-media":"","overlay-type":"","overlay-color":"","overlay-opacity":"","overlay-gradient":""},"mobile":{"background-color":"","background-image":"","background-repeat":"repeat","background-position":"center center","background-size":"auto","background-attachment":"scroll","background-type":"","background-media":"","overlay-type":"","overlay-color":"","overlay-opacity":"","overlay-gradient":""}},"ast-content-background-meta":{"desktop":{"background-color":"var(--ast-global-color-5)","background-image":"","background-repeat":"repeat","background-position":"center center","background-size":"auto","background-attachment":"scroll","background-type":"","background-media":"","overlay-type":"","overlay-color":"","overlay-opacity":"","overlay-gradient":""},"tablet":{"background-color":"var(--ast-global-color-5)","background-image":"","background-repeat":"repeat","background-position":"center center","background-size":"auto","background-attachment":"scroll","background-type":"","background-media":"","overlay-type":"","overlay-color":"","overlay-opacity":"","overlay-gradient":""},"mobile":{"background-color":"var(--ast-global-color-5)","background-image":"","background-repeat":"repeat","background-position":"center center","background-size":"auto","background-attachment":"scroll","background-type":"","background-media":"","overlay-type":"","overlay-color":"","overlay-opacity":"","overlay-gradient":""}},"footnotes":""},"class_list":["post-526","page","type-page","status-publish","hentry"],"yoast_head":"<!-- This site is optimized with the Yoast SEO plugin v27.2 - https:\/\/yoast.com\/product\/yoast-seo-wordpress\/ -->\n<title>Lash &amp; Brow Tint - Lashbarpro.com<\/title>\n<meta name=\"robots\" content=\"index, follow, max-snippet:-1, max-image-preview:large, max-video-preview:-1\" \/>\n<link rel=\"canonical\" href=\"https:\/\/lashbarpro.com\/en\/lash-brow-tint\/\" \/>\n<meta property=\"og:locale\" content=\"en_US\" \/>\n<meta property=\"og:type\" content=\"article\" \/>\n<meta property=\"og:title\" content=\"Lash &amp; Brow Tint - Lashbarpro.com\" \/>\n<meta property=\"og:description\" content=\"LASH &#038; BROW TINT LASH &#038; BROW TINT Den klassiske farvning af vipper og\/eller bryn. Hos Lash Bar udf\u00f8rer vi dog denne behandling med custom made colormix. Det betyder at din stylist mixer diverse farvekombinationer sammen, s\u00e5 de bedst mulig matcher dig og dine \u00f8nsker. Lash &amp; Brow Tint er altid en god kombination. Du [&hellip;]\" \/>\n<meta property=\"og:url\" content=\"https:\/\/lashbarpro.com\/en\/lash-brow-tint\/\" \/>\n<meta property=\"og:site_name\" content=\"Lashbarpro.com\" \/>\n<meta property=\"article:modified_time\" content=\"2022-11-10T11:58:30+00:00\" \/>\n<meta name=\"twitter:card\" content=\"summary_large_image\" \/>\n<meta name=\"twitter:label1\" content=\"Est. reading time\" \/>\n\t<meta name=\"twitter:data1\" content=\"1 minute\" \/>\n<script type=\"application\/ld+json\" class=\"yoast-schema-graph\">{\"@context\":\"https:\/\/schema.org\",\"@graph\":[{\"@type\":\"WebPage\",\"@id\":\"https:\/\/lashbarpro.com\/en\/lash-brow-tint\/\",\"url\":\"https:\/\/lashbarpro.com\/en\/lash-brow-tint\/\",\"name\":\"Lash & Brow Tint - Lashbarpro.com\",\"isPartOf\":{\"@id\":\"https:\/\/lashbarpro.brandsome.dk\/#website\"},\"datePublished\":\"2022-11-10T11:56:15+00:00\",\"dateModified\":\"2022-11-10T11:58:30+00:00\",\"breadcrumb\":{\"@id\":\"https:\/\/lashbarpro.com\/en\/lash-brow-tint\/#breadcrumb\"},\"inLanguage\":\"en-US\",\"potentialAction\":[{\"@type\":\"ReadAction\",\"target\":[\"https:\/\/lashbarpro.com\/en\/lash-brow-tint\/\"]}]},{\"@type\":\"BreadcrumbList\",\"@id\":\"https:\/\/lashbarpro.com\/en\/lash-brow-tint\/#breadcrumb\",\"itemListElement\":[{\"@type\":\"ListItem\",\"position\":1,\"name\":\"Lash Bar Pro\",\"item\":\"https:\/\/lashbarpro.com\/en\/\"},{\"@type\":\"ListItem\",\"position\":2,\"name\":\"Lash &#038; Brow Tint\"}]},{\"@type\":\"WebSite\",\"@id\":\"https:\/\/lashbarpro.brandsome.dk\/#website\",\"url\":\"https:\/\/lashbarpro.brandsome.dk\/\",\"name\":\"Lashbarpro.com\",\"description\":\"\",\"potentialAction\":[{\"@type\":\"SearchAction\",\"target\":{\"@type\":\"EntryPoint\",\"urlTemplate\":\"https:\/\/lashbarpro.brandsome.dk\/?s={search_term_string}\"},\"query-input\":{\"@type\":\"PropertyValueSpecification\",\"valueRequired\":true,\"valueName\":\"search_term_string\"}}],\"inLanguage\":\"en-US\"}]}<\/script>\n<!-- \/ Yoast SEO plugin. -->","yoast_head_json":{"title":"Lash & Brow Tint - Lashbarpro.com","robots":{"index":"index","follow":"follow","max-snippet":"max-snippet:-1","max-image-preview":"max-image-preview:large","max-video-preview":"max-video-preview:-1"},"canonical":"https:\/\/lashbarpro.com\/en\/lash-brow-tint\/","og_locale":"en_US","og_type":"article","og_title":"Lash & Brow Tint - Lashbarpro.com","og_description":"LASH &#038; BROW TINT LASH &#038; BROW TINT Den klassiske farvning af vipper og\/eller bryn. Hos Lash Bar udf\u00f8rer vi dog denne behandling med custom made colormix. Det betyder at din stylist mixer diverse farvekombinationer sammen, s\u00e5 de bedst mulig matcher dig og dine \u00f8nsker. Lash &amp; Brow Tint er altid en god kombination. Du [&hellip;]","og_url":"https:\/\/lashbarpro.com\/en\/lash-brow-tint\/","og_site_name":"Lashbarpro.com","article_modified_time":"2022-11-10T11:58:30+00:00","twitter_card":"summary_large_image","twitter_misc":{"Est. reading time":"1 minute"},"schema":{"@context":"https:\/\/schema.org","@graph":[{"@type":"WebPage","@id":"https:\/\/lashbarpro.com\/en\/lash-brow-tint\/","url":"https:\/\/lashbarpro.com\/en\/lash-brow-tint\/","name":"Lash & Brow Tint - Lashbarpro.com","isPartOf":{"@id":"https:\/\/lashbarpro.brandsome.dk\/#website"},"datePublished":"2022-11-10T11:56:15+00:00","dateModified":"2022-11-10T11:58:30+00:00","breadcrumb":{"@id":"https:\/\/lashbarpro.com\/en\/lash-brow-tint\/#breadcrumb"},"inLanguage":"en-US","potentialAction":[{"@type":"ReadAction","target":["https:\/\/lashbarpro.com\/en\/lash-brow-tint\/"]}]},{"@type":"BreadcrumbList","@id":"https:\/\/lashbarpro.com\/en\/lash-brow-tint\/#breadcrumb","itemListElement":[{"@type":"ListItem","position":1,"name":"Lash Bar Pro","item":"https:\/\/lashbarpro.com\/en\/"},{"@type":"ListItem","position":2,"name":"Lash &#038; Brow Tint"}]},{"@type":"WebSite","@id":"https:\/\/lashbarpro.brandsome.dk\/#website","url":"https:\/\/lashbarpro.brandsome.dk\/","name":"Lashbarpro.com","description":"","potentialAction":[{"@type":"SearchAction","target":{"@type":"EntryPoint","urlTemplate":"https:\/\/lashbarpro.brandsome.dk\/?s={search_term_string}"},"query-input":{"@type":"PropertyValueSpecification","valueRequired":true,"valueName":"search_term_string"}}],"inLanguage":"en-US"}]}},"_links":{"self":[{"href":"https:\/\/lashbarpro.com\/en\/wp-json\/wp\/v2\/pages\/526","targetHints":{"allow":["GET"]}}],"collection":[{"href":"https:\/\/lashbarpro.com\/en\/wp-json\/wp\/v2\/pages"}],"about":[{"href":"https:\/\/lashbarpro.com\/en\/wp-json\/wp\/v2\/types\/page"}],"author":[{"embeddable":true,"href":"https:\/\/lashbarpro.com\/en\/wp-json\/wp\/v2\/users\/1"}],"replies":[{"embeddable":true,"href":"https:\/\/lashbarpro.com\/en\/wp-json\/wp\/v2\/comments?post=526"}],"version-history":[{"count":4,"href":"https:\/\/lashbarpro.com\/en\/wp-json\/wp\/v2\/pages\/526\/revisions"}],"predecessor-version":[{"id":530,"href":"https:\/\/lashbarpro.com\/en\/wp-json\/wp\/v2\/pages\/526\/revisions\/530"}],"wp:attachment":[{"href":"https:\/\/lashbarpro.com\/en\/wp-json\/wp\/v2\/media?parent=526"}],"curies":[{"name":"wp","href":"https:\/\/api.w.org\/{rel}","templated":true}]}}