{"id":198,"date":"2022-11-09T15:47:53","date_gmt":"2022-11-09T14:47:53","guid":{"rendered":"https:\/\/lashbarpro.brandsome.dk\/?page_id=198"},"modified":"2026-01-04T21:59:43","modified_gmt":"2026-01-04T20:59:43","slug":"om-lash-bar","status":"publish","type":"page","link":"https:\/\/lashbarpro.com\/en\/om-lash-bar\/","title":{"rendered":"Om Lash Bar"},"content":{"rendered":"\t\t<div data-elementor-type=\"wp-page\" data-elementor-id=\"198\" class=\"elementor elementor-198\" data-elementor-post-type=\"page\">\n\t\t\t\t\t\t<section class=\"elementor-section elementor-top-section elementor-element elementor-element-b35fbbf elementor-section-boxed elementor-section-height-default elementor-section-height-default\" data-id=\"b35fbbf\" data-element_type=\"section\" data-e-type=\"section\">\n\t\t\t\t\t\t<div class=\"elementor-container elementor-column-gap-default\">\n\t\t\t\t\t<div class=\"elementor-column elementor-col-100 elementor-top-column elementor-element elementor-element-a377e89\" data-id=\"a377e89\" data-element_type=\"column\" data-e-type=\"column\">\n\t\t\t<div class=\"elementor-widget-wrap elementor-element-populated\">\n\t\t\t\t\t\t<section class=\"elementor-section elementor-inner-section elementor-element elementor-element-412ed40 elementor-section-boxed elementor-section-height-default elementor-section-height-default\" data-id=\"412ed40\" data-element_type=\"section\" data-e-type=\"section\">\n\t\t\t\t\t\t<div class=\"elementor-container elementor-column-gap-default\">\n\t\t\t\t\t<div class=\"elementor-column elementor-col-50 elementor-inner-column elementor-element elementor-element-155e273\" data-id=\"155e273\" data-element_type=\"column\" data-e-type=\"column\">\n\t\t\t<div class=\"elementor-widget-wrap elementor-element-populated\">\n\t\t\t\t\t\t<div class=\"elementor-element elementor-element-ce5039b elementor-widget elementor-widget-heading\" data-id=\"ce5039b\" data-element_type=\"widget\" data-e-type=\"widget\" data-widget_type=\"heading.default\">\n\t\t\t\t<div class=\"elementor-widget-container\">\n\t\t\t\t\t<h2 class=\"elementor-heading-title elementor-size-default\">THE STORY - LASH BAR<\/h2>\t\t\t\t<\/div>\n\t\t\t\t<\/div>\n\t\t\t\t<div class=\"elementor-element elementor-element-8a966c6 elementor-hidden-desktop elementor-hidden-tablet elementor-widget elementor-widget-image\" data-id=\"8a966c6\" data-element_type=\"widget\" data-e-type=\"widget\" data-widget_type=\"image.default\">\n\t\t\t\t<div class=\"elementor-widget-container\">\n\t\t\t\t\t\t\t\t\t\t\t\t\t\t\t<img fetchpriority=\"high\" decoding=\"async\" width=\"768\" height=\"1152\" src=\"https:\/\/lashbarpro.com\/wp-content\/uploads\/2024\/04\/Rikke-Steenskov-Udengaard-768x1152.jpg\" class=\"attachment-medium_large size-medium_large wp-image-10046\" alt=\"\" srcset=\"https:\/\/lashbarpro.com\/wp-content\/uploads\/2024\/04\/Rikke-Steenskov-Udengaard-768x1152.jpg.webp 768w, https:\/\/lashbarpro.com\/wp-content\/uploads\/2024\/04\/Rikke-Steenskov-Udengaard-200x300.jpg.webp 200w, https:\/\/lashbarpro.com\/wp-content\/uploads\/2024\/04\/Rikke-Steenskov-Udengaard-683x1024.jpg.webp 683w, https:\/\/lashbarpro.com\/wp-content\/uploads\/2024\/04\/Rikke-Steenskov-Udengaard-1024x1536.jpg.webp 1024w, https:\/\/lashbarpro.com\/wp-content\/uploads\/2024\/04\/Rikke-Steenskov-Udengaard-1365x2048.jpg.webp 1365w, https:\/\/lashbarpro.com\/wp-content\/uploads\/2024\/04\/Rikke-Steenskov-Udengaard-600x900.jpg.webp 600w, https:\/\/lashbarpro.com\/wp-content\/uploads\/2024\/04\/Rikke-Steenskov-Udengaard-scaled.jpg.webp 1706w\" sizes=\"(max-width: 768px) 100vw, 768px\" \/>\t\t\t\t\t\t\t\t\t\t\t\t\t\t\t<\/div>\n\t\t\t\t<\/div>\n\t\t\t\t<div class=\"elementor-element elementor-element-66f30a3 elementor-widget elementor-widget-text-editor\" data-id=\"66f30a3\" data-element_type=\"widget\" data-e-type=\"widget\" data-widget_type=\"text-editor.default\">\n\t\t\t\t<div class=\"elementor-widget-container\">\n\t\t\t\t\t\t\t\t\t<p>Lash Bar PRO &#8211; Lash Bar Academy &#8211; Lash Bar Studio &#8211; Aspire by Lash Bar.<\/p><p>&#8220;DIN SUCCES ER VORES SUCCES&#8221;<\/p><p><b>OM LASH BAR\u00a0<\/b><\/p><p>Lash Bar er i dag en specialiseret B2B-virksomhed og produktplatform, der udvikler, sourcer og distribuerer professionelle vippe- og brynprodukter til klinikker og behandlere prim\u00e6rt i Norden.<\/p><p>Virksomheden er grundlagt af Rikke Steenskov Udengaard, og bygger p\u00e5 mere end 15 \u00e5rs erfaring inden for produktudvikling, international sourcing, uddannelse og professionel anvendelse i praksis.\u00a0Lash Bar arbejder m\u00e5lrettet med kvalitet, transparens og ansvarlig produktion &#8211; med det form\u00e5l at give professionelle behandlere adgang til sikre, effektive og markedsgodkendte produkter. Hvor kvalitet, innovation og b\u00e6redygtighed er kernen.<\/p><p><strong>STIFTER<\/strong><\/p><p>Rikke Steenskov Udengaard er uddannet makeup artist og l\u00e6geeksamineret kosmetolog (1999) med dyb specialisering inden for vippe- og brynbehandlinger. Hun er selvl\u00e6rt specialist i volume-teknikker og officiel Master Trainer for BL Lashes (SydKorea), samt videreuddannet hos f\u00f8rende internationale eksperter fra UK\/England, Rusland og USA.<\/p><p>Derudover er hun:<\/p><ul><li>Master Brow Trainer uddannet hos celebrity brow-stylist Kelley Baker (Los Angeles)<\/li><li>Certificeret underviser i Brow Styling fra BDB, Beverly Hills, USA<\/li><li>International dommer ved pro. vippekonkurrencer siden 2014.<\/li><li>Foredragsholder og brancheekspert ved nationale og internationale konferencer &amp; messer<\/li><\/ul><p>Denne faglige tyngde og internationale erfaring danner fundamentet for Lash Bars produktstrategi og sourcing-beslutninger.<\/p>\t\t\t\t\t\t\t\t<\/div>\n\t\t\t\t<\/div>\n\t\t\t\t\t<\/div>\n\t\t<\/div>\n\t\t\t\t<div class=\"elementor-column elementor-col-50 elementor-inner-column elementor-element elementor-element-e3847ba elementor-hidden-mobile\" data-id=\"e3847ba\" data-element_type=\"column\" data-e-type=\"column\">\n\t\t\t<div class=\"elementor-widget-wrap elementor-element-populated\">\n\t\t\t\t\t\t<div class=\"elementor-element elementor-element-667721c elementor-hidden-mobile elementor-widget elementor-widget-image\" data-id=\"667721c\" data-element_type=\"widget\" data-e-type=\"widget\" data-widget_type=\"image.default\">\n\t\t\t\t<div class=\"elementor-widget-container\">\n\t\t\t\t\t\t\t\t\t\t\t\t\t\t\t<img fetchpriority=\"high\" decoding=\"async\" width=\"768\" height=\"1152\" src=\"https:\/\/lashbarpro.com\/wp-content\/uploads\/2024\/04\/Rikke-Steenskov-Udengaard-768x1152.jpg\" class=\"attachment-medium_large size-medium_large wp-image-10046\" alt=\"\" srcset=\"https:\/\/lashbarpro.com\/wp-content\/uploads\/2024\/04\/Rikke-Steenskov-Udengaard-768x1152.jpg.webp 768w, https:\/\/lashbarpro.com\/wp-content\/uploads\/2024\/04\/Rikke-Steenskov-Udengaard-200x300.jpg.webp 200w, https:\/\/lashbarpro.com\/wp-content\/uploads\/2024\/04\/Rikke-Steenskov-Udengaard-683x1024.jpg.webp 683w, https:\/\/lashbarpro.com\/wp-content\/uploads\/2024\/04\/Rikke-Steenskov-Udengaard-1024x1536.jpg.webp 1024w, https:\/\/lashbarpro.com\/wp-content\/uploads\/2024\/04\/Rikke-Steenskov-Udengaard-1365x2048.jpg.webp 1365w, https:\/\/lashbarpro.com\/wp-content\/uploads\/2024\/04\/Rikke-Steenskov-Udengaard-600x900.jpg.webp 600w, https:\/\/lashbarpro.com\/wp-content\/uploads\/2024\/04\/Rikke-Steenskov-Udengaard-scaled.jpg.webp 1706w\" sizes=\"(max-width: 768px) 100vw, 768px\" \/>\t\t\t\t\t\t\t\t\t\t\t\t\t\t\t<\/div>\n\t\t\t\t<\/div>\n\t\t\t\t\t<\/div>\n\t\t<\/div>\n\t\t\t\t\t<\/div>\n\t\t<\/section>\n\t\t\t\t<div class=\"elementor-element elementor-element-ef6e8d0 elementor-widget elementor-widget-text-editor\" data-id=\"ef6e8d0\" data-element_type=\"widget\" data-e-type=\"widget\" data-widget_type=\"text-editor.default\">\n\t\t\t\t<div class=\"elementor-widget-container\">\n\t\t\t\t\t\t\t\t\t<p><strong>FRA SALON TIL PRODUKT BRAND &amp; B2B-VIRKSOMHED<\/strong><\/p><p>I 2012 \u00e5bnede Lash Bar Copenhagen p\u00e5 Store Kongensgade, Danmarks f\u00f8rste salon med eksklusivt fokus p\u00e5 vippe- og brynbehandlinger, men udviklede sig hurtigt fra salondrift, til et Academy og et st\u00e6rkt professionelt brand.\u00a0<\/p><p>Salonen opn\u00e5ede markant gennemslag:<\/p><ul><li>Omtale i diverse presse bl.a i B\u00f8rsen<\/li><li>Medvirkende flere gange i TV 2 Go\u2019 Morgen Danmark<\/li><li>Hurtig positionering som foretrukken top salon blandt kendte &amp; influencers.<\/li><li>Anerkendelse internationalt, \u00e5bnede professionelle relationer i bl.a. Los Angeles, London, Tyskland og Australien samt hele Skandinavien.<\/li><li>Nomineringer til Danish Beauty Award i 2013 og 2015<\/li><\/ul><p>Den h\u00f8je eftersp\u00f8rgsel, populariteten og undervisnings-aktiviteten, afsl\u00f8rede et tydeligt markeds-gab: Manglen p\u00e5 kvalitet og viden, samt p\u00e5lidelige, ensartede og professionelt godkendte produkter. Dette blev katalysatoren for Lash Bars strategiske pivot mod B2B-distribution og innovativ produktudvikling. Distributionen startede s\u00e5 sm\u00e5t i 2013, grundet hurtig v\u00e6kst og ekspandering, outsourcede de webshop\/distributions-lagret til eksternt firma i Glostrup, hvor alle ordre stadig varetages og sendes fra idag.<\/p><p><strong>LASH BAR PRO &#8211; B2B, PRODUKTUDVIKLING &amp; SOURCING<\/strong><\/p><p>Lash Bar Pro by Beauty Group, er i dag virksomhedens prim\u00e6re forretningsben, og fungerer som B2B-leverand\u00f8r af professionelle vippe- og brynprodukter.<\/p><p>Virksomheden arbejder m\u00e5lrettet med:<\/p><ul><li>Egen produktudvikling i samarbejde med europ\u00e6iske fabrikker og laboratorier<\/li><li>International sourcing fra n\u00f8je udvalgte producenter i bl.a. EU, Sydkorea og USA<\/li><li>Compliance, dokumentation og EU-godkendelser<\/li><li>Ensartet kvalitet, sporbarhed og professionel performance<\/li><\/ul><p>Sortimentet best\u00e5r af b\u00e5de egenudviklede produkter, collaboration produkter og h\u00e5ndplukkede internationale brands, der alle lever op til Lash Bars kvalitetskrav og professionelle standarder. Produkterne forhandles prim\u00e6rt til B2B-kunder via <a href=\"http:\/\/www.lashbarpro.com\/\">www.lashbarpro.com<\/a>, med fokus p\u00e5 klinikker, saloner og professionelle behandlere.<\/p><p><strong>EGEN PRODUKTLINJE &#8211; ASPIRE BY LASH BAR<\/strong><\/p><p>P\u00e5 baggrund af mange \u00e5rs praktisk erfaring og dyb produktindsigt udviklede Lash Bar sin egen produktlinje, Aspire by Lash Bar. B\u00e5de Eyelash Extensions, Glues, v\u00e6rkt\u00f8j &amp; diverse accessories s\u00e5 dagens lys i 2014. I 2018 blev deres Keratin Lash Lift &amp; Brow Lift System til, i samarbejde med en tysk fabrikant og laboratorium. Danmarks f\u00f8rste 100% Cysteamin baseret Lift Systemet, og et af verdens mildeste, som ogs\u00e5 er:<\/p><ul><li>100 % vegansk<\/li><li>H\u00f8j fokus p\u00e5 b\u00e6redygtighed<\/li><li>Produceret i EU<\/li><li>Udviklet med innovativ, mild teknologi<\/li><li>Blandt de f\u00f8rste milde anerkendte systemer i branchen<\/li><li>Accepteret af Gr\u00f8n Salon<\/li><\/ul><p>Aspire by Lash Bar benyttes af profesionelle i b\u00e5de Danmark, Sverige, Norge, Gr\u00f8nland\/F\u00e6r\u00f8erne samt i Dubai.<\/p><p><strong>LASH BAR ACADEMY\u00a0<\/strong><\/p><p>Uddannelse har historisk v\u00e6ret en v\u00e6sentlig del af Lash Bar\u2019s DNA. Lash Bar Academy \u00e5bnede i egne lokaler i 2013. Hvor der blev uddannet ca 20 elever i gennemsnit pr. m\u00e5ned i mere end 6 \u00e5r. Skandinaviens hvis ikke nordeuropas st\u00f8rste skole med uddannelser i Eyelash extensions, Lash lift og Brow lift\/styling.<\/p><p>I dag varetages grunduddannelse prim\u00e6rt af eksterne undervisere, mens Lash Bar Pro i begr\u00e6nset omfang tilbyder:<\/p><ul><li>Produktintroduktioner<\/li><li>Onboarding af B2B-kunder<\/li><li>Udvalgte workshops i forbindelse med lanceringer<\/li><\/ul><p><strong>LASH BAR PRO, ACADEMY &amp; SALON IDAG<\/strong><\/p><p>I 2020 blev virksomhederne &#8211; som resten af branchen &#8211; h\u00e5rdt ramt af COVID-19 tilstanden. Nedlukninger og restriktioner gjorde, at der i de efterf\u00f8lgende \u00e5r, blev gennemf\u00f8rt en n\u00f8dvendig restrukturering, for at sikre langsitet b\u00e6redygtighed. Salonen blev solgt, Lash Bar Studio varetages og franchises nu af en ekstern samarbejdspartner. I 2023 lancerede Lash Bar Pro ny webshop og B2B website. I 2024 tog Lash Bar Pro s\u00e5 et nyt strategisk skridt &#8211; Uddannelse af nye stylister varetages nu af eksterne undervisere i hele Danmark. Fokus p\u00e5 \u00f8get support og value for creation for eksisterende B2B kunder.\u00a0<\/p><p>Idag fungerer Rikke Steenskov Udengaard som direkt\u00f8r og ansvarlig for produktudvikling, sourcing og strategi i Lash Bar Pro. Hun arbejder t\u00e6t med internationale producenter og samarbejdspartnere, for kontinuerligt at udvikle og optimere sortimentet.\u00a0Hun er gift med Jacob, flyveleder og partner i virksomheden, sammen har de to b\u00f8rn.<\/p><p>Lash Bar Pro st\u00e5r i dag som en st\u00e6rk B2B-brandplatform, kendt for:<\/p><ul><li>Produktintegritet<\/li><li>Professionel forst\u00e5else<\/li><li>Ansvarlig sourcing<\/li><li>H\u00f8j faglig trov\u00e6rdighed<\/li><li>Viden &amp; kvalitet<\/li><\/ul><p>Virksomheden har en klar ambition om fortsat at forblive en stabil leverand\u00f8r, og udvikling af high-end, b\u00e6redygtige produkter til professionelle behandlere.\u00a0<span style=\"font-style: inherit; font-family: var( --e-global-typography-text-font-family ), Sans-serif;\">Tak fordi du l\u00e6ste med&#8230;.<\/span><\/p><p>Har du sp\u00f8rgsm\u00e5l, \u00f8nsker til sortimentet eller interesse i samarbejde, er du altid velkommen til at kontakte os.<\/p>\t\t\t\t\t\t\t\t<\/div>\n\t\t\t\t<\/div>\n\t\t\t\t\t<\/div>\n\t\t<\/div>\n\t\t\t\t\t<\/div>\n\t\t<\/section>\n\t\t\t\t<\/div>\n\t\t","protected":false},"excerpt":{"rendered":"<p>THE STORY &#8211; LASH BAR Lash Bar PRO &#8211; Lash Bar Academy &#8211; Lash Bar Studio &#8211; Aspire by Lash Bar. &#8220;DIN SUCCES ER VORES SUCCES&#8221; OM LASH BAR\u00a0 Lash Bar er i dag en specialiseret B2B-virksomhed og produktplatform, der udvikler, sourcer og distribuerer professionelle vippe- og brynprodukter til klinikker og behandlere prim\u00e6rt i Norden. [&hellip;]<\/p>\n","protected":false},"author":1,"featured_media":0,"parent":0,"menu_order":0,"comment_status":"closed","ping_status":"closed","template":"elementor_header_footer","meta":{"site-sidebar-layout":"no-sidebar","site-content-layout":"page-builder","ast-site-content-layout":"default","site-content-style":"default","site-sidebar-style":"default","ast-global-header-display":"","ast-banner-title-visibility":"","ast-main-header-display":"","ast-hfb-above-header-display":"","ast-hfb-below-header-display":"","ast-hfb-mobile-header-display":"","site-post-title":"disabled","ast-breadcrumbs-content":"","ast-featured-img":"disabled","footer-sml-layout":"","ast-disable-related-posts":"","theme-transparent-header-meta":"","adv-header-id-meta":"","stick-header-meta":"","header-above-stick-meta":"","header-main-stick-meta":"","header-below-stick-meta":"","astra-migrate-meta-layouts":"default","ast-page-background-enabled":"default","ast-page-background-meta":{"desktop":{"background-color":"var(--ast-global-color-4)","background-image":"","background-repeat":"repeat","background-position":"center center","background-size":"auto","background-attachment":"scroll","background-type":"","background-media":"","overlay-type":"","overlay-color":"","overlay-opacity":"","overlay-gradient":""},"tablet":{"background-color":"","background-image":"","background-repeat":"repeat","background-position":"center center","background-size":"auto","background-attachment":"scroll","background-type":"","background-media":"","overlay-type":"","overlay-color":"","overlay-opacity":"","overlay-gradient":""},"mobile":{"background-color":"","background-image":"","background-repeat":"repeat","background-position":"center center","background-size":"auto","background-attachment":"scroll","background-type":"","background-media":"","overlay-type":"","overlay-color":"","overlay-opacity":"","overlay-gradient":""}},"ast-content-background-meta":{"desktop":{"background-color":"var(--ast-global-color-5)","background-image":"","background-repeat":"repeat","background-position":"center center","background-size":"auto","background-attachment":"scroll","background-type":"","background-media":"","overlay-type":"","overlay-color":"","overlay-opacity":"","overlay-gradient":""},"tablet":{"background-color":"var(--ast-global-color-5)","background-image":"","background-repeat":"repeat","background-position":"center center","background-size":"auto","background-attachment":"scroll","background-type":"","background-media":"","overlay-type":"","overlay-color":"","overlay-opacity":"","overlay-gradient":""},"mobile":{"background-color":"var(--ast-global-color-5)","background-image":"","background-repeat":"repeat","background-position":"center center","background-size":"auto","background-attachment":"scroll","background-type":"","background-media":"","overlay-type":"","overlay-color":"","overlay-opacity":"","overlay-gradient":""}},"footnotes":""},"class_list":["post-198","page","type-page","status-publish","hentry"],"yoast_head":"<!-- This site is optimized with the Yoast SEO plugin v27.2 - https:\/\/yoast.com\/product\/yoast-seo-wordpress\/ -->\n<title>Om Lash Bar - Lashbarpro.com<\/title>\n<meta name=\"robots\" content=\"index, follow, max-snippet:-1, max-image-preview:large, max-video-preview:-1\" \/>\n<link rel=\"canonical\" href=\"https:\/\/lashbarpro.com\/en\/om-lash-bar\/\" \/>\n<meta property=\"og:locale\" content=\"en_US\" \/>\n<meta property=\"og:type\" content=\"article\" \/>\n<meta property=\"og:title\" content=\"Om Lash Bar - Lashbarpro.com\" \/>\n<meta property=\"og:description\" content=\"THE STORY &#8211; LASH BAR Lash Bar PRO &#8211; Lash Bar Academy &#8211; Lash Bar Studio &#8211; Aspire by Lash Bar. &#8220;DIN SUCCES ER VORES SUCCES&#8221; OM LASH BAR\u00a0 Lash Bar er i dag en specialiseret B2B-virksomhed og produktplatform, der udvikler, sourcer og distribuerer professionelle vippe- og brynprodukter til klinikker og behandlere prim\u00e6rt i Norden. [&hellip;]\" \/>\n<meta property=\"og:url\" content=\"https:\/\/lashbarpro.com\/en\/om-lash-bar\/\" \/>\n<meta property=\"og:site_name\" content=\"Lashbarpro.com\" \/>\n<meta property=\"article:modified_time\" content=\"2026-01-04T20:59:43+00:00\" \/>\n<meta property=\"og:image\" content=\"https:\/\/lashbarpro.com\/wp-content\/uploads\/2024\/04\/Rikke-Steenskov-Udengaard-scaled.jpg\" \/>\n\t<meta property=\"og:image:width\" content=\"1706\" \/>\n\t<meta property=\"og:image:height\" content=\"2560\" \/>\n\t<meta property=\"og:image:type\" content=\"image\/jpeg\" \/>\n<meta name=\"twitter:card\" content=\"summary_large_image\" \/>\n<meta name=\"twitter:label1\" content=\"Est. reading time\" \/>\n\t<meta name=\"twitter:data1\" content=\"6 minutes\" \/>\n<script type=\"application\/ld+json\" class=\"yoast-schema-graph\">{\"@context\":\"https:\/\/schema.org\",\"@graph\":[{\"@type\":\"WebPage\",\"@id\":\"https:\/\/lashbarpro.com\/en\/om-lash-bar\/\",\"url\":\"https:\/\/lashbarpro.com\/en\/om-lash-bar\/\",\"name\":\"Om Lash Bar - Lashbarpro.com\",\"isPartOf\":{\"@id\":\"https:\/\/lashbarpro.brandsome.dk\/#website\"},\"primaryImageOfPage\":{\"@id\":\"https:\/\/lashbarpro.com\/en\/om-lash-bar\/#primaryimage\"},\"image\":{\"@id\":\"https:\/\/lashbarpro.com\/en\/om-lash-bar\/#primaryimage\"},\"thumbnailUrl\":\"https:\/\/lashbarpro.com\/wp-content\/uploads\/2024\/04\/Rikke-Steenskov-Udengaard-768x1152.jpg\",\"datePublished\":\"2022-11-09T14:47:53+00:00\",\"dateModified\":\"2026-01-04T20:59:43+00:00\",\"breadcrumb\":{\"@id\":\"https:\/\/lashbarpro.com\/en\/om-lash-bar\/#breadcrumb\"},\"inLanguage\":\"en-US\",\"potentialAction\":[{\"@type\":\"ReadAction\",\"target\":[\"https:\/\/lashbarpro.com\/en\/om-lash-bar\/\"]}]},{\"@type\":\"ImageObject\",\"inLanguage\":\"en-US\",\"@id\":\"https:\/\/lashbarpro.com\/en\/om-lash-bar\/#primaryimage\",\"url\":\"https:\/\/lashbarpro.com\/wp-content\/uploads\/2024\/04\/Rikke-Steenskov-Udengaard-768x1152.jpg\",\"contentUrl\":\"https:\/\/lashbarpro.com\/wp-content\/uploads\/2024\/04\/Rikke-Steenskov-Udengaard-768x1152.jpg\"},{\"@type\":\"BreadcrumbList\",\"@id\":\"https:\/\/lashbarpro.com\/en\/om-lash-bar\/#breadcrumb\",\"itemListElement\":[{\"@type\":\"ListItem\",\"position\":1,\"name\":\"Lash Bar Pro\",\"item\":\"https:\/\/lashbarpro.com\/en\/\"},{\"@type\":\"ListItem\",\"position\":2,\"name\":\"Om Lash Bar\"}]},{\"@type\":\"WebSite\",\"@id\":\"https:\/\/lashbarpro.brandsome.dk\/#website\",\"url\":\"https:\/\/lashbarpro.brandsome.dk\/\",\"name\":\"Lashbarpro.com\",\"description\":\"\",\"potentialAction\":[{\"@type\":\"SearchAction\",\"target\":{\"@type\":\"EntryPoint\",\"urlTemplate\":\"https:\/\/lashbarpro.brandsome.dk\/?s={search_term_string}\"},\"query-input\":{\"@type\":\"PropertyValueSpecification\",\"valueRequired\":true,\"valueName\":\"search_term_string\"}}],\"inLanguage\":\"en-US\"}]}<\/script>\n<!-- \/ Yoast SEO plugin. -->","yoast_head_json":{"title":"Om Lash Bar - Lashbarpro.com","robots":{"index":"index","follow":"follow","max-snippet":"max-snippet:-1","max-image-preview":"max-image-preview:large","max-video-preview":"max-video-preview:-1"},"canonical":"https:\/\/lashbarpro.com\/en\/om-lash-bar\/","og_locale":"en_US","og_type":"article","og_title":"Om Lash Bar - Lashbarpro.com","og_description":"THE STORY &#8211; LASH BAR Lash Bar PRO &#8211; Lash Bar Academy &#8211; Lash Bar Studio &#8211; Aspire by Lash Bar. &#8220;DIN SUCCES ER VORES SUCCES&#8221; OM LASH BAR\u00a0 Lash Bar er i dag en specialiseret B2B-virksomhed og produktplatform, der udvikler, sourcer og distribuerer professionelle vippe- og brynprodukter til klinikker og behandlere prim\u00e6rt i Norden. [&hellip;]","og_url":"https:\/\/lashbarpro.com\/en\/om-lash-bar\/","og_site_name":"Lashbarpro.com","article_modified_time":"2026-01-04T20:59:43+00:00","og_image":[{"width":1706,"height":2560,"url":"https:\/\/lashbarpro.com\/wp-content\/uploads\/2024\/04\/Rikke-Steenskov-Udengaard-scaled.jpg","type":"image\/jpeg"}],"twitter_card":"summary_large_image","twitter_misc":{"Est. reading time":"6 minutes"},"schema":{"@context":"https:\/\/schema.org","@graph":[{"@type":"WebPage","@id":"https:\/\/lashbarpro.com\/en\/om-lash-bar\/","url":"https:\/\/lashbarpro.com\/en\/om-lash-bar\/","name":"Om Lash Bar - Lashbarpro.com","isPartOf":{"@id":"https:\/\/lashbarpro.brandsome.dk\/#website"},"primaryImageOfPage":{"@id":"https:\/\/lashbarpro.com\/en\/om-lash-bar\/#primaryimage"},"image":{"@id":"https:\/\/lashbarpro.com\/en\/om-lash-bar\/#primaryimage"},"thumbnailUrl":"https:\/\/lashbarpro.com\/wp-content\/uploads\/2024\/04\/Rikke-Steenskov-Udengaard-768x1152.jpg","datePublished":"2022-11-09T14:47:53+00:00","dateModified":"2026-01-04T20:59:43+00:00","breadcrumb":{"@id":"https:\/\/lashbarpro.com\/en\/om-lash-bar\/#breadcrumb"},"inLanguage":"en-US","potentialAction":[{"@type":"ReadAction","target":["https:\/\/lashbarpro.com\/en\/om-lash-bar\/"]}]},{"@type":"ImageObject","inLanguage":"en-US","@id":"https:\/\/lashbarpro.com\/en\/om-lash-bar\/#primaryimage","url":"https:\/\/lashbarpro.com\/wp-content\/uploads\/2024\/04\/Rikke-Steenskov-Udengaard-768x1152.jpg","contentUrl":"https:\/\/lashbarpro.com\/wp-content\/uploads\/2024\/04\/Rikke-Steenskov-Udengaard-768x1152.jpg"},{"@type":"BreadcrumbList","@id":"https:\/\/lashbarpro.com\/en\/om-lash-bar\/#breadcrumb","itemListElement":[{"@type":"ListItem","position":1,"name":"Lash Bar Pro","item":"https:\/\/lashbarpro.com\/en\/"},{"@type":"ListItem","position":2,"name":"Om Lash Bar"}]},{"@type":"WebSite","@id":"https:\/\/lashbarpro.brandsome.dk\/#website","url":"https:\/\/lashbarpro.brandsome.dk\/","name":"Lashbarpro.com","description":"","potentialAction":[{"@type":"SearchAction","target":{"@type":"EntryPoint","urlTemplate":"https:\/\/lashbarpro.brandsome.dk\/?s={search_term_string}"},"query-input":{"@type":"PropertyValueSpecification","valueRequired":true,"valueName":"search_term_string"}}],"inLanguage":"en-US"}]}},"_links":{"self":[{"href":"https:\/\/lashbarpro.com\/en\/wp-json\/wp\/v2\/pages\/198","targetHints":{"allow":["GET"]}}],"collection":[{"href":"https:\/\/lashbarpro.com\/en\/wp-json\/wp\/v2\/pages"}],"about":[{"href":"https:\/\/lashbarpro.com\/en\/wp-json\/wp\/v2\/types\/page"}],"author":[{"embeddable":true,"href":"https:\/\/lashbarpro.com\/en\/wp-json\/wp\/v2\/users\/1"}],"replies":[{"embeddable":true,"href":"https:\/\/lashbarpro.com\/en\/wp-json\/wp\/v2\/comments?post=198"}],"version-history":[{"count":5,"href":"https:\/\/lashbarpro.com\/en\/wp-json\/wp\/v2\/pages\/198\/revisions"}],"predecessor-version":[{"id":14686,"href":"https:\/\/lashbarpro.com\/en\/wp-json\/wp\/v2\/pages\/198\/revisions\/14686"}],"wp:attachment":[{"href":"https:\/\/lashbarpro.com\/en\/wp-json\/wp\/v2\/media?parent=198"}],"curies":[{"name":"wp","href":"https:\/\/api.w.org\/{rel}","templated":true}]}}